{"id":993,"date":"2024-03-05T11:44:44","date_gmt":"2024-03-05T10:44:44","guid":{"rendered":"http:\/\/rec-forward.fr\/?page_id=993"},"modified":"2024-03-06T12:02:53","modified_gmt":"2024-03-06T11:02:53","slug":"appel-a-communication-2024","status":"publish","type":"page","link":"https:\/\/rec-forward.fr\/index.php\/appel-a-communication-2024\/","title":{"rendered":"Appel \u00e0 communications 2024 (FR\/EN)"},"content":{"rendered":"\n<figure class=\"wp-block-image size-full is-resized\"><img loading=\"lazy\" decoding=\"async\" width=\"768\" height=\"210\" src=\"http:\/\/rec-forward.fr\/wp-content\/uploads\/2022\/08\/Capture-decran-2022-08-27-a-16.01.54.png\" alt=\"\" class=\"wp-image-225\" style=\"width:494px;height:auto\" srcset=\"https:\/\/rec-forward.fr\/wp-content\/uploads\/2022\/08\/Capture-decran-2022-08-27-a-16.01.54.png 768w, https:\/\/rec-forward.fr\/wp-content\/uploads\/2022\/08\/Capture-decran-2022-08-27-a-16.01.54-300x82.png 300w\" sizes=\"auto, (max-width: 768px) 100vw, 768px\" \/><\/figure>\n\n\n\n<div data-wp-interactive=\"core\/file\" class=\"wp-block-file\"><object data-wp-bind--hidden=\"!state.hasPdfPreview\" hidden class=\"wp-block-file__embed\" data=\"http:\/\/rec-forward.fr\/wp-content\/uploads\/2024\/03\/Appel-a-communications-REC.forward3-Les-reseaux-sociaux-un-reservoir-dimages-pour-le-reemploi-3.pdf\" type=\"application\/pdf\" style=\"width:100%;height:600px\" aria-label=\"Contenu embarqu\u00e9 Appel \u00e0 communications-REC.forward#3-Les r\u00e9seaux sociaux , un r\u00e9servoir d&apos;images pour le r\u00e9emploi-3.\"><\/object><a id=\"wp-block-file--media-4308529e-8abc-4995-a574-c3513ec1002f\" href=\"http:\/\/rec-forward.fr\/wp-content\/uploads\/2024\/03\/Appel-a-communications-REC.forward3-Les-reseaux-sociaux-un-reservoir-dimages-pour-le-reemploi-3.pdf\">Appel \u00e0 communications-REC.forward#3-Les r\u00e9seaux sociaux , un r\u00e9servoir d&rsquo;images pour le r\u00e9emploi-3<\/a><a href=\"http:\/\/rec-forward.fr\/wp-content\/uploads\/2024\/03\/Appel-a-communications-REC.forward3-Les-reseaux-sociaux-un-reservoir-dimages-pour-le-reemploi-3.pdf\" class=\"wp-block-file__button wp-element-button\" download aria-describedby=\"wp-block-file--media-4308529e-8abc-4995-a574-c3513ec1002f\">T\u00e9l\u00e9charger<\/a><\/div>\n\n\n\n<figure class=\"wp-block-image size-full is-resized\"><img loading=\"lazy\" decoding=\"async\" width=\"768\" height=\"210\" src=\"http:\/\/rec-forward.fr\/wp-content\/uploads\/2022\/08\/Capture-decran-2022-08-27-a-16.01.54.png\" alt=\"\" class=\"wp-image-225\" style=\"width:494px;height:auto\" srcset=\"https:\/\/rec-forward.fr\/wp-content\/uploads\/2022\/08\/Capture-decran-2022-08-27-a-16.01.54.png 768w, https:\/\/rec-forward.fr\/wp-content\/uploads\/2022\/08\/Capture-decran-2022-08-27-a-16.01.54-300x82.png 300w\" sizes=\"auto, (max-width: 768px) 100vw, 768px\" \/><\/figure>\n\n\n\n<div data-wp-interactive=\"core\/file\" class=\"wp-block-file\"><object data-wp-bind--hidden=\"!state.hasPdfPreview\" hidden class=\"wp-block-file__embed\" data=\"http:\/\/rec-forward.fr\/wp-content\/uploads\/2024\/03\/Call-for-Papers-REC.forward3-Social-networks-a-reservoir-of-images-for-reuse.pdf\" type=\"application\/pdf\" style=\"width:100%;height:600px\" aria-label=\"Contenu embarqu\u00e9 Call for Papers-REC.forward#3-Social networks, a reservoir of images for reuse.\"><\/object><a id=\"wp-block-file--media-814645bf-61db-4719-867a-4985da326e5e\" href=\"http:\/\/rec-forward.fr\/wp-content\/uploads\/2024\/03\/Call-for-Papers-REC.forward3-Social-networks-a-reservoir-of-images-for-reuse.pdf\">Call for Papers-REC.forward#3-Social networks, a reservoir of images for reuse<\/a><a href=\"http:\/\/rec-forward.fr\/wp-content\/uploads\/2024\/03\/Call-for-Papers-REC.forward3-Social-networks-a-reservoir-of-images-for-reuse.pdf\" class=\"wp-block-file__button wp-element-button\" download aria-describedby=\"wp-block-file--media-814645bf-61db-4719-867a-4985da326e5e\">T\u00e9l\u00e9charger<\/a><\/div>\n","protected":false},"excerpt":{"rendered":"","protected":false},"author":1,"featured_media":0,"parent":0,"menu_order":0,"comment_status":"closed","ping_status":"closed","template":"","meta":{"footnotes":""},"class_list":["post-993","page","type-page","status-publish","hentry"],"_links":{"self":[{"href":"https:\/\/rec-forward.fr\/index.php\/wp-json\/wp\/v2\/pages\/993","targetHints":{"allow":["GET"]}}],"collection":[{"href":"https:\/\/rec-forward.fr\/index.php\/wp-json\/wp\/v2\/pages"}],"about":[{"href":"https:\/\/rec-forward.fr\/index.php\/wp-json\/wp\/v2\/types\/page"}],"author":[{"embeddable":true,"href":"https:\/\/rec-forward.fr\/index.php\/wp-json\/wp\/v2\/users\/1"}],"replies":[{"embeddable":true,"href":"https:\/\/rec-forward.fr\/index.php\/wp-json\/wp\/v2\/comments?post=993"}],"version-history":[{"count":8,"href":"https:\/\/rec-forward.fr\/index.php\/wp-json\/wp\/v2\/pages\/993\/revisions"}],"predecessor-version":[{"id":1007,"href":"https:\/\/rec-forward.fr\/index.php\/wp-json\/wp\/v2\/pages\/993\/revisions\/1007"}],"wp:attachment":[{"href":"https:\/\/rec-forward.fr\/index.php\/wp-json\/wp\/v2\/media?parent=993"}],"curies":[{"name":"wp","href":"https:\/\/api.w.org\/{rel}","templated":true}]}}