{"id":210,"date":"2022-08-27T15:37:31","date_gmt":"2022-08-27T13:37:31","guid":{"rendered":"http:\/\/rec-forward.fr\/?page_id=210"},"modified":"2024-11-19T14:03:31","modified_gmt":"2024-11-19T13:03:31","slug":"presentation","status":"publish","type":"page","link":"https:\/\/rec-forward.fr\/","title":{"rendered":"Pr\u00e9sentation"},"content":{"rendered":"\n<figure class=\"wp-block-image size-full is-resized\"><img loading=\"lazy\" decoding=\"async\" width=\"768\" height=\"210\" src=\"http:\/\/rec-forward.fr\/wp-content\/uploads\/2022\/08\/Capture-decran-2022-08-27-a-16.01.54.png\" alt=\"\" class=\"wp-image-225\" style=\"width:300px;height:80px\" srcset=\"https:\/\/rec-forward.fr\/wp-content\/uploads\/2022\/08\/Capture-decran-2022-08-27-a-16.01.54.png 768w, https:\/\/rec-forward.fr\/wp-content\/uploads\/2022\/08\/Capture-decran-2022-08-27-a-16.01.54-300x82.png 300w\" sizes=\"auto, (max-width: 768px) 100vw, 768px\" \/><\/figure>\n\n\n\n<p>Du 19 au 22 novembre, \u00e0 la Villa Arson, se tiendra la troisi\u00e8me \u00e9dition du colloque international sur les&nbsp;<em>R\u00e9emplois contemporains du film amateur<\/em>, dans le cadre du programme de recherche REC.forward, port\u00e9 par le Laboratoire Interdisciplinaire R\u00e9cits, Cultures et Soci\u00e9t\u00e9s (LIRCES) de l\u2019Universit\u00e9 C\u00f4te d\u2019Azur.<\/p>\n\n\n\n<p>Ces trois journ\u00e9es s\u2019inscrivent dans la continuit\u00e9 de la premi\u00e8re et de la deuxi\u00e8me \u00e9ditions, qui se sont d\u00e9roul\u00e9es en octobre 2022 et 2023. Lors de la premi\u00e8re \u00e9dition, chercheurs, artistes et archivistes ont crois\u00e9 leur regard et leur r\u00e9flexion pour, d\u2019une part, identifier les diff\u00e9rents acteurs impliqu\u00e9s dans des travaux de r\u00e9appropriation de ces images singuli\u00e8res et, d\u2019autre part, interroger les diff\u00e9rentes intentionnalit\u00e9s qui pr\u00e9sident \u00e0 ces gestes de d\u00e9contextualisation\/ recontextualisation du film amateur dans des \u0153uvres secondes. La deuxi\u00e8me \u00e9dition a poursuivi cette r\u00e9flexion en interrogeant plus particuli\u00e8rement le concept de m\u00e9moire, par un aller-retour conceptuel et critique entre m\u00e9moire individuelle et m\u00e9moire collective. Cette r\u00e9flexion pluri et interdisciplinaire a permis de faire se rencontrer les enjeux propres au r\u00e9emploi de mat\u00e9riaux audiovisuels et ceux du film amateur, dans son histoire et ses \u00e9volutions les plus r\u00e9centes, en tenant compte des nouvelles modalit\u00e9s num\u00e9riques de mise \u00e0 disposition et\/ou de production qui en favorisent les r\u00e9appropriations plurielles. Ces \u00e9changes ont donn\u00e9 lieu \u00e0 une publication dans le num\u00e9ro 26 de la revue&nbsp;<em>Cahiers de Champs visuels<\/em>&nbsp;(septembre 2023), et une seconde publication est en cours pour la deuxi\u00e8me \u00e9dition du colloque.<\/p>\n\n\n\n<p class=\"has-text-align-left\"> Cette troisi\u00e8me \u00e9dition sera focalis\u00e9e sur les <strong>gestes de r\u00e9emploi qui puisent leur mat\u00e9riau dans les contenus<\/strong> <strong>audiovisuels amateurs produits et diffus\u00e9s sur Internet<\/strong>, au gr\u00e9 des \u00e9changes  qui caract\u00e9risent la vie num\u00e9rique sur les r\u00e9seaux sociaux, sa dynamique conversationnelle (Gunthert, 2020 ; Allard, 2014) et ses relations \u201cinstrument\u00e9es\u201d (Compi\u00e8gne, 2014). Les contextes qui pr\u00e9sident au r\u00e9emploi de ces films amateurs en ligne en modifient les enjeux culturels, sociaux et soci\u00e9taux, les modalit\u00e9s techniques, expressives et communicationnelles, les intentionnalit\u00e9s premi\u00e8res et plurielles. Ce sont ces multiples d\u00e9placements\/recadrages qu\u2019il s\u2019agira d\u2019interroger selon des domaines et des modalit\u00e9s de r\u00e9emploi tr\u00e8s divers.<\/p>\n\n\n\n<p>En parall\u00e8le de ces \u00e9changes scientifiques, des projections de films seront organis\u00e9es toute la semaine en soir\u00e9e, du 19 au 22 novembre, dans plusieurs lieux ni\u00e7ois et mon\u00e9gasque, et en partenariat avec plusieurs acteurs locaux, nationaux et internationaux, pour faire conna\u00eetre la diversit\u00e9 de ces propositions artistiques au grand public.<\/p>\n\n\n\n<figure class=\"wp-block-image size-full is-resized\"><img loading=\"lazy\" decoding=\"async\" width=\"768\" height=\"210\" src=\"http:\/\/rec-forward.fr\/wp-content\/uploads\/2022\/08\/Capture-decran-2022-08-27-a-16.01.54.png\" alt=\"\" class=\"wp-image-225\" style=\"width:300px;height:80px\" srcset=\"https:\/\/rec-forward.fr\/wp-content\/uploads\/2022\/08\/Capture-decran-2022-08-27-a-16.01.54.png 768w, https:\/\/rec-forward.fr\/wp-content\/uploads\/2022\/08\/Capture-decran-2022-08-27-a-16.01.54-300x82.png 300w\" sizes=\"auto, (max-width: 768px) 100vw, 768px\" \/><\/figure>\n\n\n\n<div data-wp-interactive=\"core\/file\" class=\"wp-block-file\"><object data-wp-bind--hidden=\"!state.hasPdfPreview\" hidden class=\"wp-block-file__embed\" data=\"http:\/\/rec-forward.fr\/wp-content\/uploads\/2024\/11\/REC-2024-30.pdf\" type=\"application\/pdf\" style=\"width:100%;height:600px\" aria-label=\"Contenu embarqu\u00e9 REC 2024-30.\"><\/object><a id=\"wp-block-file--media-bc6eb366-c250-4ee6-88aa-3a7977e60d88\" href=\"http:\/\/rec-forward.fr\/wp-content\/uploads\/2024\/11\/REC-2024-30.pdf\">REC 2024-30<\/a><a href=\"http:\/\/rec-forward.fr\/wp-content\/uploads\/2024\/11\/REC-2024-30.pdf\" class=\"wp-block-file__button wp-element-button\" download aria-describedby=\"wp-block-file--media-bc6eb366-c250-4ee6-88aa-3a7977e60d88\">T\u00e9l\u00e9charger<\/a><\/div>\n\n\n\n<figure class=\"wp-block-image size-full is-resized\"><img loading=\"lazy\" decoding=\"async\" width=\"768\" height=\"210\" src=\"http:\/\/rec-forward.fr\/wp-content\/uploads\/2022\/08\/Capture-decran-2022-08-27-a-16.01.54.png\" alt=\"\" class=\"wp-image-225\" style=\"object-fit:cover;width:300px;height:100px\" srcset=\"https:\/\/rec-forward.fr\/wp-content\/uploads\/2022\/08\/Capture-decran-2022-08-27-a-16.01.54.png 768w, https:\/\/rec-forward.fr\/wp-content\/uploads\/2022\/08\/Capture-decran-2022-08-27-a-16.01.54-300x82.png 300w\" sizes=\"auto, (max-width: 768px) 100vw, 768px\" \/><\/figure>\n\n\n\n<figure class=\"wp-block-image size-large\"><img loading=\"lazy\" decoding=\"async\" width=\"722\" height=\"1024\" src=\"http:\/\/rec-forward.fr\/wp-content\/uploads\/2024\/10\/Capture-decran-2024-10-22-a-17.04.53-722x1024.png\" alt=\"\" class=\"wp-image-1124\" srcset=\"https:\/\/rec-forward.fr\/wp-content\/uploads\/2024\/10\/Capture-decran-2024-10-22-a-17.04.53-722x1024.png 722w, https:\/\/rec-forward.fr\/wp-content\/uploads\/2024\/10\/Capture-decran-2024-10-22-a-17.04.53-212x300.png 212w, https:\/\/rec-forward.fr\/wp-content\/uploads\/2024\/10\/Capture-decran-2024-10-22-a-17.04.53-768x1089.png 768w, https:\/\/rec-forward.fr\/wp-content\/uploads\/2024\/10\/Capture-decran-2024-10-22-a-17.04.53.png 966w\" sizes=\"auto, (max-width: 722px) 100vw, 722px\" \/><\/figure>\n\n\n\n<figure class=\"wp-block-image size-full is-resized\"><img loading=\"lazy\" decoding=\"async\" width=\"768\" height=\"210\" src=\"http:\/\/rec-forward.fr\/wp-content\/uploads\/2022\/08\/Capture-decran-2022-08-27-a-16.01.54.png\" alt=\"\" class=\"wp-image-225\" style=\"width:300px;height:80px\" srcset=\"https:\/\/rec-forward.fr\/wp-content\/uploads\/2022\/08\/Capture-decran-2022-08-27-a-16.01.54.png 768w, https:\/\/rec-forward.fr\/wp-content\/uploads\/2022\/08\/Capture-decran-2022-08-27-a-16.01.54-300x82.png 300w\" sizes=\"auto, (max-width: 768px) 100vw, 768px\" \/><\/figure>\n\n\n\n<figure class=\"wp-block-video\"><video height=\"360\" style=\"aspect-ratio: 640 \/ 360;\" width=\"640\" controls poster=\"http:\/\/rec-forward.fr\/wp-content\/uploads\/2022\/09\/REC-Forward-trailer-2-SD-480p-mov-image.jpg\" src=\"http:\/\/rec-forward.fr\/wp-content\/uploads\/2022\/09\/REC-Forward-trailer-2-SD-480p.mov\"><\/video><\/figure>\n\n\n\n<figure class=\"wp-block-image size-full is-resized\"><img loading=\"lazy\" decoding=\"async\" width=\"768\" height=\"210\" src=\"http:\/\/rec-forward.fr\/wp-content\/uploads\/2022\/08\/Capture-decran-2022-08-27-a-16.01.54.png\" alt=\"\" class=\"wp-image-225\" style=\"object-fit:cover;width:300px;height:50px\" srcset=\"https:\/\/rec-forward.fr\/wp-content\/uploads\/2022\/08\/Capture-decran-2022-08-27-a-16.01.54.png 768w, https:\/\/rec-forward.fr\/wp-content\/uploads\/2022\/08\/Capture-decran-2022-08-27-a-16.01.54-300x82.png 300w\" sizes=\"auto, (max-width: 768px) 100vw, 768px\" \/><\/figure>\n\n\n\n<ul class=\"wp-block-social-links aligncenter is-layout-flex wp-block-social-links-is-layout-flex\"><li class=\"wp-social-link wp-social-link-facebook  wp-block-social-link\"><a href=\"https:\/\/www.facebook.com\/rec.forward\/\" class=\"wp-block-social-link-anchor\"><svg width=\"24\" height=\"24\" viewBox=\"0 0 24 24\" version=\"1.1\" xmlns=\"http:\/\/www.w3.org\/2000\/svg\" aria-hidden=\"true\" focusable=\"false\"><path d=\"M12 2C6.5 2 2 6.5 2 12c0 5 3.7 9.1 8.4 9.9v-7H7.9V12h2.5V9.8c0-2.5 1.5-3.9 3.8-3.9 1.1 0 2.2.2 2.2.2v2.5h-1.3c-1.2 0-1.6.8-1.6 1.6V12h2.8l-.4 2.9h-2.3v7C18.3 21.1 22 17 22 12c0-5.5-4.5-10-10-10z\"><\/path><\/svg><span class=\"wp-block-social-link-label screen-reader-text\">Facebook<\/span><\/a><\/li>\n\n<li class=\"wp-social-link wp-social-link-instagram  wp-block-social-link\"><a href=\"https:\/\/instagram.com\/rec_forward?igshid=MzRlODBiNWFlZA==%20\" class=\"wp-block-social-link-anchor\"><svg width=\"24\" height=\"24\" viewBox=\"0 0 24 24\" version=\"1.1\" xmlns=\"http:\/\/www.w3.org\/2000\/svg\" aria-hidden=\"true\" focusable=\"false\"><path d=\"M12,4.622c2.403,0,2.688,0.009,3.637,0.052c0.877,0.04,1.354,0.187,1.671,0.31c0.42,0.163,0.72,0.358,1.035,0.673 c0.315,0.315,0.51,0.615,0.673,1.035c0.123,0.317,0.27,0.794,0.31,1.671c0.043,0.949,0.052,1.234,0.052,3.637 s-0.009,2.688-0.052,3.637c-0.04,0.877-0.187,1.354-0.31,1.671c-0.163,0.42-0.358,0.72-0.673,1.035 c-0.315,0.315-0.615,0.51-1.035,0.673c-0.317,0.123-0.794,0.27-1.671,0.31c-0.949,0.043-1.233,0.052-3.637,0.052 s-2.688-0.009-3.637-0.052c-0.877-0.04-1.354-0.187-1.671-0.31c-0.42-0.163-0.72-0.358-1.035-0.673 c-0.315-0.315-0.51-0.615-0.673-1.035c-0.123-0.317-0.27-0.794-0.31-1.671C4.631,14.688,4.622,14.403,4.622,12 s0.009-2.688,0.052-3.637c0.04-0.877,0.187-1.354,0.31-1.671c0.163-0.42,0.358-0.72,0.673-1.035 c0.315-0.315,0.615-0.51,1.035-0.673c0.317-0.123,0.794-0.27,1.671-0.31C9.312,4.631,9.597,4.622,12,4.622 M12,3 C9.556,3,9.249,3.01,8.289,3.054C7.331,3.098,6.677,3.25,6.105,3.472C5.513,3.702,5.011,4.01,4.511,4.511 c-0.5,0.5-0.808,1.002-1.038,1.594C3.25,6.677,3.098,7.331,3.054,8.289C3.01,9.249,3,9.556,3,12c0,2.444,0.01,2.751,0.054,3.711 c0.044,0.958,0.196,1.612,0.418,2.185c0.23,0.592,0.538,1.094,1.038,1.594c0.5,0.5,1.002,0.808,1.594,1.038 c0.572,0.222,1.227,0.375,2.185,0.418C9.249,20.99,9.556,21,12,21s2.751-0.01,3.711-0.054c0.958-0.044,1.612-0.196,2.185-0.418 c0.592-0.23,1.094-0.538,1.594-1.038c0.5-0.5,0.808-1.002,1.038-1.594c0.222-0.572,0.375-1.227,0.418-2.185 C20.99,14.751,21,14.444,21,12s-0.01-2.751-0.054-3.711c-0.044-0.958-0.196-1.612-0.418-2.185c-0.23-0.592-0.538-1.094-1.038-1.594 c-0.5-0.5-1.002-0.808-1.594-1.038c-0.572-0.222-1.227-0.375-2.185-0.418C14.751,3.01,14.444,3,12,3L12,3z M12,7.378 c-2.552,0-4.622,2.069-4.622,4.622S9.448,16.622,12,16.622s4.622-2.069,4.622-4.622S14.552,7.378,12,7.378z M12,15 c-1.657,0-3-1.343-3-3s1.343-3,3-3s3,1.343,3,3S13.657,15,12,15z M16.804,6.116c-0.596,0-1.08,0.484-1.08,1.08 s0.484,1.08,1.08,1.08c0.596,0,1.08-0.484,1.08-1.08S17.401,6.116,16.804,6.116z\"><\/path><\/svg><span class=\"wp-block-social-link-label screen-reader-text\">Instagram<\/span><\/a><\/li><\/ul>\n","protected":false},"excerpt":{"rendered":"<p>Du 19 au 22 novembre, \u00e0 la Villa Arson, se tiendra la troisi\u00e8me \u00e9dition du colloque international sur les&nbsp;R\u00e9emplois contemporains du film amateur, dans le cadre du programme de recherche REC.forward, port\u00e9 par le Laboratoire Interdisciplinaire R\u00e9cits, Cultures et Soci\u00e9t\u00e9s (LIRCES) de l\u2019Universit\u00e9 C\u00f4te d\u2019Azur. Ces trois journ\u00e9es s\u2019inscrivent dans la continuit\u00e9 de la premi\u00e8re et de la deuxi\u00e8me \u00e9ditions, qui se sont d\u00e9roul\u00e9es en octobre 2022 et 2023. Lors de la premi\u00e8re \u00e9dition, chercheurs, artistes et archivistes ont crois\u00e9 leur regard et leur r\u00e9flexion pour, d\u2019une part, identifier les diff\u00e9rents acteurs impliqu\u00e9s dans des travaux de r\u00e9appropriation de ces images singuli\u00e8res et, d\u2019autre part, interroger les diff\u00e9rentes intentionnalit\u00e9s qui pr\u00e9sident \u00e0 ces gestes de d\u00e9contextualisation\/ recontextualisation du film amateur dans des \u0153uvres secondes. La deuxi\u00e8me \u00e9dition a poursuivi cette r\u00e9flexion en interrogeant plus particuli\u00e8rement le concept de m\u00e9moire, par un aller-retour conceptuel et critique entre m\u00e9moire individuelle et m\u00e9moire collective. Cette r\u00e9flexion pluri et interdisciplinaire a permis de faire se rencontrer les enjeux propres au r\u00e9emploi de mat\u00e9riaux audiovisuels et ceux du film amateur, dans son histoire et ses \u00e9volutions les plus r\u00e9centes, en tenant compte des nouvelles modalit\u00e9s num\u00e9riques de mise \u00e0 disposition et\/ou de production qui en favorisent les r\u00e9appropriations plurielles. Ces \u00e9changes ont donn\u00e9 lieu \u00e0 une publication dans le num\u00e9ro 26 de la revue&nbsp;Cahiers de Champs visuels&nbsp;(septembre 2023), et une seconde publication est en cours pour la deuxi\u00e8me \u00e9dition du colloque. Cette troisi\u00e8me \u00e9dition sera focalis\u00e9e sur les gestes de r\u00e9emploi qui puisent leur mat\u00e9riau dans les contenus audiovisuels amateurs produits et diffus\u00e9s sur Internet, au gr\u00e9 des \u00e9changes qui caract\u00e9risent la vie num\u00e9rique sur les r\u00e9seaux sociaux, sa dynamique conversationnelle (Gunthert, 2020 ; Allard, 2014) et ses relations \u201cinstrument\u00e9es\u201d (Compi\u00e8gne, 2014). Les contextes qui pr\u00e9sident au r\u00e9emploi de ces films amateurs en ligne en modifient les enjeux culturels, sociaux et soci\u00e9taux, les modalit\u00e9s techniques, expressives et communicationnelles, les intentionnalit\u00e9s premi\u00e8res et plurielles. Ce sont ces multiples d\u00e9placements\/recadrages qu\u2019il s\u2019agira d\u2019interroger selon des domaines et des modalit\u00e9s de r\u00e9emploi tr\u00e8s divers. En parall\u00e8le de ces \u00e9changes scientifiques, des projections de films seront organis\u00e9es toute la semaine en soir\u00e9e, du 19 au 22 novembre, dans plusieurs lieux ni\u00e7ois et mon\u00e9gasque, et en partenariat avec plusieurs acteurs locaux, nationaux et internationaux, pour faire conna\u00eetre la diversit\u00e9 de ces propositions artistiques au grand public.<\/p>\n","protected":false},"author":1,"featured_media":0,"parent":0,"menu_order":0,"comment_status":"closed","ping_status":"closed","template":"","meta":{"footnotes":""},"class_list":["post-210","page","type-page","status-publish","hentry"],"_links":{"self":[{"href":"https:\/\/rec-forward.fr\/index.php\/wp-json\/wp\/v2\/pages\/210","targetHints":{"allow":["GET"]}}],"collection":[{"href":"https:\/\/rec-forward.fr\/index.php\/wp-json\/wp\/v2\/pages"}],"about":[{"href":"https:\/\/rec-forward.fr\/index.php\/wp-json\/wp\/v2\/types\/page"}],"author":[{"embeddable":true,"href":"https:\/\/rec-forward.fr\/index.php\/wp-json\/wp\/v2\/users\/1"}],"replies":[{"embeddable":true,"href":"https:\/\/rec-forward.fr\/index.php\/wp-json\/wp\/v2\/comments?post=210"}],"version-history":[{"count":21,"href":"https:\/\/rec-forward.fr\/index.php\/wp-json\/wp\/v2\/pages\/210\/revisions"}],"predecessor-version":[{"id":1179,"href":"https:\/\/rec-forward.fr\/index.php\/wp-json\/wp\/v2\/pages\/210\/revisions\/1179"}],"wp:attachment":[{"href":"https:\/\/rec-forward.fr\/index.php\/wp-json\/wp\/v2\/media?parent=210"}],"curies":[{"name":"wp","href":"https:\/\/api.w.org\/{rel}","templated":true}]}}