{"id":116,"date":"2022-08-27T15:09:51","date_gmt":"2022-08-27T13:09:51","guid":{"rendered":"http:\/\/rec-forward.fr\/?page_id=116"},"modified":"2022-10-15T11:03:48","modified_gmt":"2022-10-15T09:03:48","slug":"lequipe","status":"publish","type":"page","link":"https:\/\/rec-forward.fr\/index.php\/lequipe\/","title":{"rendered":"L&rsquo;\u00e9quipe"},"content":{"rendered":"\n<p class=\"has-medium-font-size\">Ont particip\u00e9 activement \u00e0 la pr\u00e9paration de cet \u00e9v\u00e9nement : <\/p>\n\n\n\n<figure class=\"wp-block-image size-full is-resized\"><img loading=\"lazy\" decoding=\"async\" src=\"http:\/\/rec-forward.fr\/wp-content\/uploads\/2022\/08\/Capture-decran-2022-08-27-a-16.01.54.png\" alt=\"\" class=\"wp-image-225\" width=\"300\" height=\"130\"\/><\/figure>\n\n\n\n<p><strong>Alo\u00efs DERAS <\/strong>&#8211; Doctorant 71\u00b0 section &#8211; LIRCES &#8211; UCA &#8211; <em>alois.deras@etu.univ-cotedazur.fr<\/em><\/p>\n\n\n\n<figure class=\"wp-block-image size-full is-resized\"><img loading=\"lazy\" decoding=\"async\" src=\"http:\/\/rec-forward.fr\/wp-content\/uploads\/2022\/08\/Capture-decran-2022-08-27-a-16.01.54.png\" alt=\"\" class=\"wp-image-225\" width=\"300\" height=\"130\"\/><\/figure>\n\n\n\n<p><strong>Christel TAILLIBERT <\/strong>&#8211; MCF HDR 71\u00b0 section &#8211; LIRCES &#8211; UCA &#8211; <em>christel.taillibert@univ-cotedazur.fr<\/em><\/p>\n\n\n\n<figure class=\"wp-block-image size-full is-resized\"><img loading=\"lazy\" decoding=\"async\" src=\"http:\/\/rec-forward.fr\/wp-content\/uploads\/2022\/08\/Capture-decran-2022-08-27-a-16.01.54.png\" alt=\"\" class=\"wp-image-225\" width=\"300\" height=\"130\"\/><\/figure>\n\n\n\n<p><strong>Sophie RAIMOND<\/strong> &#8211; Docteur &#8211; LIRCES- UCA &#8211; <em>Sophie.RAIMOND@univ-cotedazur.fr<\/em><\/p>\n\n\n\n<figure class=\"wp-block-image size-full is-resized\"><img loading=\"lazy\" decoding=\"async\" src=\"http:\/\/rec-forward.fr\/wp-content\/uploads\/2022\/08\/Capture-decran-2022-08-27-a-16.01.54.png\" alt=\"\" class=\"wp-image-225\" width=\"300\" height=\"130\"\/><\/figure>\n","protected":false},"excerpt":{"rendered":"<p>Ont particip\u00e9 activement \u00e0 la pr\u00e9paration de cet \u00e9v\u00e9nement : Alo\u00efs DERAS &#8211; Doctorant 71\u00b0 section &#8211; LIRCES &#8211; UCA &#8211; alois.deras@etu.univ-cotedazur.fr Christel TAILLIBERT &#8211; MCF HDR 71\u00b0 section &#8211; LIRCES &#8211; UCA &#8211; christel.taillibert@univ-cotedazur.fr Sophie RAIMOND &#8211; Docteur &#8211; LIRCES- UCA &#8211; Sophie.RAIMOND@univ-cotedazur.fr<\/p>\n","protected":false},"author":1,"featured_media":0,"parent":0,"menu_order":0,"comment_status":"closed","ping_status":"closed","template":"","meta":{"footnotes":""},"class_list":["post-116","page","type-page","status-publish","hentry"],"_links":{"self":[{"href":"https:\/\/rec-forward.fr\/index.php\/wp-json\/wp\/v2\/pages\/116","targetHints":{"allow":["GET"]}}],"collection":[{"href":"https:\/\/rec-forward.fr\/index.php\/wp-json\/wp\/v2\/pages"}],"about":[{"href":"https:\/\/rec-forward.fr\/index.php\/wp-json\/wp\/v2\/types\/page"}],"author":[{"embeddable":true,"href":"https:\/\/rec-forward.fr\/index.php\/wp-json\/wp\/v2\/users\/1"}],"replies":[{"embeddable":true,"href":"https:\/\/rec-forward.fr\/index.php\/wp-json\/wp\/v2\/comments?post=116"}],"version-history":[{"count":8,"href":"https:\/\/rec-forward.fr\/index.php\/wp-json\/wp\/v2\/pages\/116\/revisions"}],"predecessor-version":[{"id":528,"href":"https:\/\/rec-forward.fr\/index.php\/wp-json\/wp\/v2\/pages\/116\/revisions\/528"}],"wp:attachment":[{"href":"https:\/\/rec-forward.fr\/index.php\/wp-json\/wp\/v2\/media?parent=116"}],"curies":[{"name":"wp","href":"https:\/\/api.w.org\/{rel}","templated":true}]}}