{"id":111,"date":"2022-08-26T12:23:11","date_gmt":"2022-08-26T10:23:11","guid":{"rendered":"http:\/\/rec-forward.fr\/?page_id=111"},"modified":"2024-11-19T14:09:00","modified_gmt":"2024-11-19T13:09:00","slug":"programmation-culturelle","status":"publish","type":"page","link":"https:\/\/rec-forward.fr\/index.php\/programmation-culturelle\/","title":{"rendered":"\u00c9v\u00e9nements"},"content":{"rendered":"\n<figure class=\"wp-block-image size-full is-resized\"><img loading=\"lazy\" decoding=\"async\" width=\"768\" height=\"210\" src=\"http:\/\/rec-forward.fr\/wp-content\/uploads\/2022\/08\/Capture-decran-2022-08-27-a-16.01.54.png\" alt=\"\" class=\"wp-image-225\" style=\"width:300px;height:130px\" srcset=\"https:\/\/rec-forward.fr\/wp-content\/uploads\/2022\/08\/Capture-decran-2022-08-27-a-16.01.54.png 768w, https:\/\/rec-forward.fr\/wp-content\/uploads\/2022\/08\/Capture-decran-2022-08-27-a-16.01.54-300x82.png 300w\" sizes=\"auto, (max-width: 768px) 100vw, 768px\" \/><\/figure>\n\n\n\n<p class=\"has-medium-font-size\"><em>Ce programme culturel&nbsp;s&rsquo;inscrit dans&nbsp;<\/em><a rel=\"noreferrer noopener\" href=\"https:\/\/lautomnedelimage.fr\/\" target=\"_blank\"><em>L\u2019Automne de l\u2019Image<\/em><\/a><em>, une initiative port\u00e9e par&nbsp;<\/em><a rel=\"noreferrer noopener\" href=\"https:\/\/labandepassante.net\/\" target=\"_blank\"><em>La&nbsp;Bande Passante<\/em><\/a><em>&nbsp;pour f\u00e9d\u00e9rer les festivals et \u00e9v\u00e9nements d\u00e9di\u00e9s \u00e0 l&rsquo;image fixe et anim\u00e9e<\/em> sur Nice.<\/p>\n\n\n\n<figure class=\"wp-block-image size-full is-resized\"><img loading=\"lazy\" decoding=\"async\" width=\"768\" height=\"210\" src=\"http:\/\/rec-forward.fr\/wp-content\/uploads\/2022\/08\/Capture-decran-2022-08-27-a-16.01.54.png\" alt=\"\" class=\"wp-image-225\" style=\"object-fit:cover;width:300px;height:100px\" srcset=\"https:\/\/rec-forward.fr\/wp-content\/uploads\/2022\/08\/Capture-decran-2022-08-27-a-16.01.54.png 768w, https:\/\/rec-forward.fr\/wp-content\/uploads\/2022\/08\/Capture-decran-2022-08-27-a-16.01.54-300x82.png 300w\" sizes=\"auto, (max-width: 768px) 100vw, 768px\" \/><\/figure>\n\n\n\n<p>Retrouvez<em> <\/em>la localisation des \u00e9v\u00e9nements dans le <a href=\"http:\/\/rec-forward.fr\/index.php\/ressources\/\">Programme du colloque 2024<\/a>.<\/p>\n\n\n\n<figure class=\"wp-block-image size-full is-resized\"><img loading=\"lazy\" decoding=\"async\" width=\"768\" height=\"210\" src=\"http:\/\/rec-forward.fr\/wp-content\/uploads\/2022\/08\/Capture-decran-2022-08-27-a-16.01.54.png\" alt=\"\" class=\"wp-image-225\" style=\"object-fit:cover;width:300px;height:100px\" srcset=\"https:\/\/rec-forward.fr\/wp-content\/uploads\/2022\/08\/Capture-decran-2022-08-27-a-16.01.54.png 768w, https:\/\/rec-forward.fr\/wp-content\/uploads\/2022\/08\/Capture-decran-2022-08-27-a-16.01.54-300x82.png 300w\" sizes=\"auto, (max-width: 768px) 100vw, 768px\" \/><\/figure>\n\n\n\n<figure class=\"wp-block-image size-full is-resized\"><img loading=\"lazy\" decoding=\"async\" width=\"768\" height=\"210\" src=\"http:\/\/rec-forward.fr\/wp-content\/uploads\/2022\/08\/Capture-decran-2022-08-27-a-16.01.54.png\" alt=\"\" class=\"wp-image-225\" style=\"object-fit:cover;width:300px;height:100px\" srcset=\"https:\/\/rec-forward.fr\/wp-content\/uploads\/2022\/08\/Capture-decran-2022-08-27-a-16.01.54.png 768w, https:\/\/rec-forward.fr\/wp-content\/uploads\/2022\/08\/Capture-decran-2022-08-27-a-16.01.54-300x82.png 300w\" sizes=\"auto, (max-width: 768px) 100vw, 768px\" \/><\/figure>\n\n\n\n<p class=\"has-vivid-red-color has-text-color has-large-font-size\"><strong>Mardi 19 novembre 2024 <\/strong><\/p>\n\n\n\n<p class=\"has-vivid-red-color has-text-color has-large-font-size\"><strong>(Avant-programme)<\/strong><\/p>\n\n\n\n<p class=\"has-vivid-red-color has-text-color has-large-font-size\"><strong>Path\u00e9 Gare du Sud &#8211; Nice <\/strong>(19h30)<\/p>\n\n\n\n<p class=\"has-vivid-red-color has-text-color has-medium-font-size\">9, all\u00e9e Charles Pasqua 06000 Nice<\/p>\n\n\n\n<figure class=\"wp-block-image size-full is-resized\"><img loading=\"lazy\" decoding=\"async\" width=\"768\" height=\"210\" src=\"http:\/\/rec-forward.fr\/wp-content\/uploads\/2022\/08\/Capture-decran-2022-08-27-a-16.01.54.png\" alt=\"\" class=\"wp-image-225\" style=\"object-fit:cover;width:300px;height:80px\" srcset=\"https:\/\/rec-forward.fr\/wp-content\/uploads\/2022\/08\/Capture-decran-2022-08-27-a-16.01.54.png 768w, https:\/\/rec-forward.fr\/wp-content\/uploads\/2022\/08\/Capture-decran-2022-08-27-a-16.01.54-300x82.png 300w\" sizes=\"auto, (max-width: 768px) 100vw, 768px\" \/><\/figure>\n\n\n\n<figure class=\"wp-block-image size-large\"><img loading=\"lazy\" decoding=\"async\" width=\"724\" height=\"1024\" src=\"http:\/\/rec-forward.fr\/wp-content\/uploads\/2024\/10\/Capture-decran-2024-10-22-a-15.31.50-724x1024.png\" alt=\"\" class=\"wp-image-1041\" srcset=\"https:\/\/rec-forward.fr\/wp-content\/uploads\/2024\/10\/Capture-decran-2024-10-22-a-15.31.50-724x1024.png 724w, https:\/\/rec-forward.fr\/wp-content\/uploads\/2024\/10\/Capture-decran-2024-10-22-a-15.31.50-212x300.png 212w, https:\/\/rec-forward.fr\/wp-content\/uploads\/2024\/10\/Capture-decran-2024-10-22-a-15.31.50-768x1086.png 768w, https:\/\/rec-forward.fr\/wp-content\/uploads\/2024\/10\/Capture-decran-2024-10-22-a-15.31.50.png 970w\" sizes=\"auto, (max-width: 724px) 100vw, 724px\" \/><\/figure>\n\n\n\n<figure class=\"wp-block-image size-full is-resized\"><img loading=\"lazy\" decoding=\"async\" width=\"768\" height=\"210\" src=\"http:\/\/rec-forward.fr\/wp-content\/uploads\/2022\/08\/Capture-decran-2022-08-27-a-16.01.54.png\" alt=\"\" class=\"wp-image-225\" style=\"object-fit:cover;width:300px;height:130px\" srcset=\"https:\/\/rec-forward.fr\/wp-content\/uploads\/2022\/08\/Capture-decran-2022-08-27-a-16.01.54.png 768w, https:\/\/rec-forward.fr\/wp-content\/uploads\/2022\/08\/Capture-decran-2022-08-27-a-16.01.54-300x82.png 300w\" sizes=\"auto, (max-width: 768px) 100vw, 768px\" \/><\/figure>\n\n\n\n<p class=\"has-vivid-red-color has-text-color has-large-font-size\"><strong>Mercredi 20 novembre 2024 <\/strong><\/p>\n\n\n\n<p class=\"has-vivid-red-color has-text-color has-large-font-size\"><strong>(Avant-programme)<\/strong><\/p>\n\n\n\n<p class=\"has-vivid-red-color has-text-color has-large-font-size\"><strong>Campus Georges M\u00e9li\u00e8s<\/strong><\/p>\n\n\n\n<p class=\"has-vivid-red-color has-text-color has-large-font-size\"><strong>Cannes <\/strong>(9H00 &#8211; 12H00)<\/p>\n\n\n\n<p class=\"has-vivid-red-color has-text-color\">214, Avenue Francis Tonner 06150 Cannes-La Bocca<\/p>\n\n\n\n<figure class=\"wp-block-image size-full is-resized\"><img loading=\"lazy\" decoding=\"async\" width=\"768\" height=\"210\" src=\"http:\/\/rec-forward.fr\/wp-content\/uploads\/2022\/08\/Capture-decran-2022-08-27-a-16.01.54.png\" alt=\"\" class=\"wp-image-225\" style=\"object-fit:cover;width:300px;height:80px\" srcset=\"https:\/\/rec-forward.fr\/wp-content\/uploads\/2022\/08\/Capture-decran-2022-08-27-a-16.01.54.png 768w, https:\/\/rec-forward.fr\/wp-content\/uploads\/2022\/08\/Capture-decran-2022-08-27-a-16.01.54-300x82.png 300w\" sizes=\"auto, (max-width: 768px) 100vw, 768px\" \/><\/figure>\n\n\n\n<figure class=\"wp-block-image size-large\"><img loading=\"lazy\" decoding=\"async\" width=\"724\" height=\"1024\" src=\"http:\/\/rec-forward.fr\/wp-content\/uploads\/2024\/10\/Capture-decran-2024-10-22-a-15.39.06-724x1024.png\" alt=\"\" class=\"wp-image-1046\" srcset=\"https:\/\/rec-forward.fr\/wp-content\/uploads\/2024\/10\/Capture-decran-2024-10-22-a-15.39.06-724x1024.png 724w, https:\/\/rec-forward.fr\/wp-content\/uploads\/2024\/10\/Capture-decran-2024-10-22-a-15.39.06-212x300.png 212w, https:\/\/rec-forward.fr\/wp-content\/uploads\/2024\/10\/Capture-decran-2024-10-22-a-15.39.06-768x1086.png 768w, https:\/\/rec-forward.fr\/wp-content\/uploads\/2024\/10\/Capture-decran-2024-10-22-a-15.39.06.png 970w\" sizes=\"auto, (max-width: 724px) 100vw, 724px\" \/><\/figure>\n\n\n\n<figure class=\"wp-block-image size-full is-resized\"><img loading=\"lazy\" decoding=\"async\" width=\"768\" height=\"210\" src=\"http:\/\/rec-forward.fr\/wp-content\/uploads\/2022\/08\/Capture-decran-2022-08-27-a-16.01.54.png\" alt=\"\" class=\"wp-image-225\" style=\"object-fit:cover;width:300px;height:130px\" srcset=\"https:\/\/rec-forward.fr\/wp-content\/uploads\/2022\/08\/Capture-decran-2022-08-27-a-16.01.54.png 768w, https:\/\/rec-forward.fr\/wp-content\/uploads\/2022\/08\/Capture-decran-2022-08-27-a-16.01.54-300x82.png 300w\" sizes=\"auto, (max-width: 768px) 100vw, 768px\" \/><\/figure>\n\n\n\n<p class=\"has-vivid-red-color has-text-color has-large-font-size\"><strong>Mercredi 20 novembre 2024 <\/strong><\/p>\n\n\n\n<p class=\"has-vivid-red-color has-text-color has-large-font-size\"><strong>(Soir\u00e9e d&rsquo;ouverture)<\/strong><\/p>\n\n\n\n<p class=\"has-vivid-red-color has-text-color has-large-font-size\"><strong>Institut Audiovisuel de Monaco<\/strong><\/p>\n\n\n\n<p class=\"has-vivid-red-color has-text-color has-large-font-size\"><strong>Petite Salle <\/strong>(19H00)<\/p>\n\n\n\n<p class=\"has-vivid-red-color has-text-color\">L&rsquo;Engelin 83-85 boulevard du jardin exotique 98000 Monaco<\/p>\n\n\n\n<figure class=\"wp-block-image size-full is-resized\"><img loading=\"lazy\" decoding=\"async\" width=\"768\" height=\"210\" src=\"http:\/\/rec-forward.fr\/wp-content\/uploads\/2022\/08\/Capture-decran-2022-08-27-a-16.01.54.png\" alt=\"\" class=\"wp-image-225\" style=\"object-fit:cover;width:300px;height:80px\" srcset=\"https:\/\/rec-forward.fr\/wp-content\/uploads\/2022\/08\/Capture-decran-2022-08-27-a-16.01.54.png 768w, https:\/\/rec-forward.fr\/wp-content\/uploads\/2022\/08\/Capture-decran-2022-08-27-a-16.01.54-300x82.png 300w\" sizes=\"auto, (max-width: 768px) 100vw, 768px\" \/><\/figure>\n\n\n\n<figure class=\"wp-block-image size-large\"><img loading=\"lazy\" decoding=\"async\" width=\"724\" height=\"1024\" src=\"http:\/\/rec-forward.fr\/wp-content\/uploads\/2024\/10\/Capture-decran-2024-10-22-a-15.39.15-724x1024.png\" alt=\"\" class=\"wp-image-1048\" srcset=\"https:\/\/rec-forward.fr\/wp-content\/uploads\/2024\/10\/Capture-decran-2024-10-22-a-15.39.15-724x1024.png 724w, https:\/\/rec-forward.fr\/wp-content\/uploads\/2024\/10\/Capture-decran-2024-10-22-a-15.39.15-212x300.png 212w, https:\/\/rec-forward.fr\/wp-content\/uploads\/2024\/10\/Capture-decran-2024-10-22-a-15.39.15-768x1086.png 768w, https:\/\/rec-forward.fr\/wp-content\/uploads\/2024\/10\/Capture-decran-2024-10-22-a-15.39.15.png 970w\" sizes=\"auto, (max-width: 724px) 100vw, 724px\" \/><\/figure>\n\n\n\n<figure class=\"wp-block-image size-full is-resized\"><img loading=\"lazy\" decoding=\"async\" width=\"768\" height=\"210\" src=\"http:\/\/rec-forward.fr\/wp-content\/uploads\/2022\/08\/Capture-decran-2022-08-27-a-16.01.54.png\" alt=\"\" class=\"wp-image-225\" style=\"object-fit:cover;width:300px;height:130px\" srcset=\"https:\/\/rec-forward.fr\/wp-content\/uploads\/2022\/08\/Capture-decran-2022-08-27-a-16.01.54.png 768w, https:\/\/rec-forward.fr\/wp-content\/uploads\/2022\/08\/Capture-decran-2022-08-27-a-16.01.54-300x82.png 300w\" sizes=\"auto, (max-width: 768px) 100vw, 768px\" \/><\/figure>\n\n\n\n<p class=\"has-vivid-red-color has-text-color has-large-font-size\"><strong>Jeudi 21 novembre 2024<\/strong><\/p>\n\n\n\n<p class=\"has-vivid-red-color has-text-color has-large-font-size\"><strong>Villa Arson &#8211; Grand Amphith\u00e9\u00e2tre <\/strong>(16h30)<\/p>\n\n\n\n<p class=\"has-vivid-red-color has-text-color has-medium-font-size\">20 Av. Stephen Liegeard, 06100 Nice<\/p>\n\n\n\n<figure class=\"wp-block-image size-full is-resized\"><img loading=\"lazy\" decoding=\"async\" width=\"768\" height=\"210\" src=\"http:\/\/rec-forward.fr\/wp-content\/uploads\/2022\/08\/Capture-decran-2022-08-27-a-16.01.54.png\" alt=\"\" class=\"wp-image-225\" style=\"object-fit:cover;width:300px;height:80px\" srcset=\"https:\/\/rec-forward.fr\/wp-content\/uploads\/2022\/08\/Capture-decran-2022-08-27-a-16.01.54.png 768w, https:\/\/rec-forward.fr\/wp-content\/uploads\/2022\/08\/Capture-decran-2022-08-27-a-16.01.54-300x82.png 300w\" sizes=\"auto, (max-width: 768px) 100vw, 768px\" \/><\/figure>\n\n\n\n<figure class=\"wp-block-image size-large\"><img loading=\"lazy\" decoding=\"async\" width=\"724\" height=\"1024\" src=\"http:\/\/rec-forward.fr\/wp-content\/uploads\/2024\/10\/Capture-decran-2024-10-22-a-15.45.10-724x1024.png\" alt=\"\" class=\"wp-image-1060\" srcset=\"https:\/\/rec-forward.fr\/wp-content\/uploads\/2024\/10\/Capture-decran-2024-10-22-a-15.45.10-724x1024.png 724w, https:\/\/rec-forward.fr\/wp-content\/uploads\/2024\/10\/Capture-decran-2024-10-22-a-15.45.10-212x300.png 212w, https:\/\/rec-forward.fr\/wp-content\/uploads\/2024\/10\/Capture-decran-2024-10-22-a-15.45.10-768x1086.png 768w, https:\/\/rec-forward.fr\/wp-content\/uploads\/2024\/10\/Capture-decran-2024-10-22-a-15.45.10.png 970w\" sizes=\"auto, (max-width: 724px) 100vw, 724px\" \/><\/figure>\n\n\n\n<figure class=\"wp-block-image size-full is-resized\"><img loading=\"lazy\" decoding=\"async\" width=\"768\" height=\"210\" src=\"http:\/\/rec-forward.fr\/wp-content\/uploads\/2022\/08\/Capture-decran-2022-08-27-a-16.01.54.png\" alt=\"\" class=\"wp-image-225\" style=\"object-fit:cover;width:300px;height:130px\" srcset=\"https:\/\/rec-forward.fr\/wp-content\/uploads\/2022\/08\/Capture-decran-2022-08-27-a-16.01.54.png 768w, https:\/\/rec-forward.fr\/wp-content\/uploads\/2022\/08\/Capture-decran-2022-08-27-a-16.01.54-300x82.png 300w\" sizes=\"auto, (max-width: 768px) 100vw, 768px\" \/><\/figure>\n\n\n\n<p class=\"has-vivid-red-color has-text-color has-large-font-size\"><strong>Jeudi 21 novembre 2024<\/strong><\/p>\n\n\n\n<p class=\"has-vivid-red-color has-text-color has-large-font-size\"><strong>Le 109 <\/strong>&#8211; P\u00f4le de cultures contemporaines <\/p>\n\n\n\n<p class=\"has-vivid-red-color has-text-color has-large-font-size\">POP-UP Cin\u00e9ma #6 &#8211; FRIGO 16 (19H00)<\/p>\n\n\n\n<p class=\"has-vivid-red-color has-text-color has-medium-font-size\">89 route de Turin, 06000 Nice<\/p>\n\n\n\n<figure class=\"wp-block-image size-full is-resized\"><img loading=\"lazy\" decoding=\"async\" width=\"768\" height=\"210\" src=\"http:\/\/rec-forward.fr\/wp-content\/uploads\/2022\/08\/Capture-decran-2022-08-27-a-16.01.54.png\" alt=\"\" class=\"wp-image-225\" style=\"object-fit:cover;width:300px;height:80px\" srcset=\"https:\/\/rec-forward.fr\/wp-content\/uploads\/2022\/08\/Capture-decran-2022-08-27-a-16.01.54.png 768w, https:\/\/rec-forward.fr\/wp-content\/uploads\/2022\/08\/Capture-decran-2022-08-27-a-16.01.54-300x82.png 300w\" sizes=\"auto, (max-width: 768px) 100vw, 768px\" \/><\/figure>\n\n\n\n<figure class=\"wp-block-image size-large\"><img loading=\"lazy\" decoding=\"async\" width=\"727\" height=\"1024\" src=\"http:\/\/rec-forward.fr\/wp-content\/uploads\/2024\/11\/Capture-decran-2024-11-19-a-14.00.29-727x1024.png\" alt=\"\" class=\"wp-image-1176\" srcset=\"https:\/\/rec-forward.fr\/wp-content\/uploads\/2024\/11\/Capture-decran-2024-11-19-a-14.00.29-727x1024.png 727w, https:\/\/rec-forward.fr\/wp-content\/uploads\/2024\/11\/Capture-decran-2024-11-19-a-14.00.29-213x300.png 213w, https:\/\/rec-forward.fr\/wp-content\/uploads\/2024\/11\/Capture-decran-2024-11-19-a-14.00.29.png 730w\" sizes=\"auto, (max-width: 727px) 100vw, 727px\" \/><\/figure>\n\n\n\n<figure class=\"wp-block-image size-large\"><img loading=\"lazy\" decoding=\"async\" width=\"724\" height=\"1024\" src=\"http:\/\/rec-forward.fr\/wp-content\/uploads\/2024\/10\/Capture-decran-2024-10-22-a-15.45.28-724x1024.png\" alt=\"\" class=\"wp-image-1061\" srcset=\"https:\/\/rec-forward.fr\/wp-content\/uploads\/2024\/10\/Capture-decran-2024-10-22-a-15.45.28-724x1024.png 724w, https:\/\/rec-forward.fr\/wp-content\/uploads\/2024\/10\/Capture-decran-2024-10-22-a-15.45.28-212x300.png 212w, https:\/\/rec-forward.fr\/wp-content\/uploads\/2024\/10\/Capture-decran-2024-10-22-a-15.45.28-768x1086.png 768w, https:\/\/rec-forward.fr\/wp-content\/uploads\/2024\/10\/Capture-decran-2024-10-22-a-15.45.28.png 970w\" sizes=\"auto, (max-width: 724px) 100vw, 724px\" \/><\/figure>\n\n\n\n<p class=\"has-vivid-red-color has-text-color has-medium-font-size\"><\/p>\n\n\n\n<figure class=\"wp-block-image size-full is-resized\"><img loading=\"lazy\" decoding=\"async\" width=\"768\" height=\"210\" src=\"http:\/\/rec-forward.fr\/wp-content\/uploads\/2022\/08\/Capture-decran-2022-08-27-a-16.01.54.png\" alt=\"\" class=\"wp-image-225\" style=\"object-fit:cover;width:300px;height:130px\" srcset=\"https:\/\/rec-forward.fr\/wp-content\/uploads\/2022\/08\/Capture-decran-2022-08-27-a-16.01.54.png 768w, https:\/\/rec-forward.fr\/wp-content\/uploads\/2022\/08\/Capture-decran-2022-08-27-a-16.01.54-300x82.png 300w\" sizes=\"auto, (max-width: 768px) 100vw, 768px\" \/><\/figure>\n\n\n\n<p class=\"has-vivid-red-color has-text-color has-large-font-size\"><strong>Vendredi 22 novembre 2024<\/strong><\/p>\n\n\n\n<p class=\"has-vivid-red-color has-text-color has-large-font-size\"><strong>Villa Arson &#8211; Grand Amphith\u00e9\u00e2tre <\/strong><\/p>\n\n\n\n<p class=\"has-vivid-red-color has-text-color has-large-font-size\">( 17h00 &#8211; <strong>Soir\u00e9e de cl\u00f4ture<\/strong> 19H00)<\/p>\n\n\n\n<p class=\"has-vivid-red-color has-text-color has-medium-font-size\">20 Av. Stephen Liegeard, 06100 Nice<\/p>\n\n\n\n<figure class=\"wp-block-image size-full is-resized\"><img loading=\"lazy\" decoding=\"async\" width=\"768\" height=\"210\" src=\"http:\/\/rec-forward.fr\/wp-content\/uploads\/2022\/08\/Capture-decran-2022-08-27-a-16.01.54.png\" alt=\"\" class=\"wp-image-225\" style=\"object-fit:cover;width:300px;height:80px\" srcset=\"https:\/\/rec-forward.fr\/wp-content\/uploads\/2022\/08\/Capture-decran-2022-08-27-a-16.01.54.png 768w, https:\/\/rec-forward.fr\/wp-content\/uploads\/2022\/08\/Capture-decran-2022-08-27-a-16.01.54-300x82.png 300w\" sizes=\"auto, (max-width: 768px) 100vw, 768px\" \/><\/figure>\n\n\n\n<figure class=\"wp-block-image size-large\"><img loading=\"lazy\" decoding=\"async\" width=\"727\" height=\"1024\" src=\"http:\/\/rec-forward.fr\/wp-content\/uploads\/2024\/11\/Capture-decran-2024-11-19-a-14.01.06-727x1024.png\" alt=\"\" class=\"wp-image-1175\" srcset=\"https:\/\/rec-forward.fr\/wp-content\/uploads\/2024\/11\/Capture-decran-2024-11-19-a-14.01.06-727x1024.png 727w, https:\/\/rec-forward.fr\/wp-content\/uploads\/2024\/11\/Capture-decran-2024-11-19-a-14.01.06-213x300.png 213w, https:\/\/rec-forward.fr\/wp-content\/uploads\/2024\/11\/Capture-decran-2024-11-19-a-14.01.06.png 730w\" sizes=\"auto, (max-width: 727px) 100vw, 727px\" \/><\/figure>\n\n\n\n<figure class=\"wp-block-image size-full is-resized\"><img loading=\"lazy\" decoding=\"async\" width=\"768\" height=\"210\" src=\"http:\/\/rec-forward.fr\/wp-content\/uploads\/2022\/08\/Capture-decran-2022-08-27-a-16.01.54.png\" alt=\"\" class=\"wp-image-225\" style=\"object-fit:cover;width:300px;height:130px\" srcset=\"https:\/\/rec-forward.fr\/wp-content\/uploads\/2022\/08\/Capture-decran-2022-08-27-a-16.01.54.png 768w, https:\/\/rec-forward.fr\/wp-content\/uploads\/2022\/08\/Capture-decran-2022-08-27-a-16.01.54-300x82.png 300w\" sizes=\"auto, (max-width: 768px) 100vw, 768px\" \/><\/figure>\n\n\n\n<figure class=\"wp-block-image size-large\"><img loading=\"lazy\" decoding=\"async\" width=\"724\" height=\"1024\" src=\"http:\/\/rec-forward.fr\/wp-content\/uploads\/2024\/10\/Capture-decran-2024-10-22-a-15.59.38-724x1024.png\" alt=\"\" class=\"wp-image-1078\" srcset=\"https:\/\/rec-forward.fr\/wp-content\/uploads\/2024\/10\/Capture-decran-2024-10-22-a-15.59.38-724x1024.png 724w, https:\/\/rec-forward.fr\/wp-content\/uploads\/2024\/10\/Capture-decran-2024-10-22-a-15.59.38-212x300.png 212w, https:\/\/rec-forward.fr\/wp-content\/uploads\/2024\/10\/Capture-decran-2024-10-22-a-15.59.38-768x1086.png 768w, https:\/\/rec-forward.fr\/wp-content\/uploads\/2024\/10\/Capture-decran-2024-10-22-a-15.59.38.png 970w\" sizes=\"auto, (max-width: 724px) 100vw, 724px\" \/><\/figure>\n\n\n\n<p class=\"has-vivid-red-color has-text-color has-large-font-size\"><\/p>\n","protected":false},"excerpt":{"rendered":"<p>Ce programme culturel&nbsp;s&rsquo;inscrit dans&nbsp;L\u2019Automne de l\u2019Image, une initiative port\u00e9e par&nbsp;La&nbsp;Bande Passante&nbsp;pour f\u00e9d\u00e9rer les festivals et \u00e9v\u00e9nements d\u00e9di\u00e9s \u00e0 l&rsquo;image fixe et anim\u00e9e sur Nice. Retrouvez la localisation des \u00e9v\u00e9nements dans le Programme du colloque 2024. Mardi 19 novembre 2024 (Avant-programme) Path\u00e9 Gare du Sud &#8211; Nice (19h30) 9, all\u00e9e Charles Pasqua 06000 Nice Mercredi 20 novembre 2024 (Avant-programme) Campus Georges M\u00e9li\u00e8s Cannes (9H00 &#8211; 12H00) 214, Avenue Francis Tonner 06150 Cannes-La Bocca Mercredi 20 novembre 2024 (Soir\u00e9e d&rsquo;ouverture) Institut Audiovisuel de Monaco Petite Salle (19H00) L&rsquo;Engelin 83-85 boulevard du jardin exotique 98000 Monaco Jeudi 21 novembre 2024 Villa Arson &#8211; Grand Amphith\u00e9\u00e2tre (16h30) 20 Av. Stephen Liegeard, 06100 Nice Jeudi 21 novembre 2024 Le 109 &#8211; P\u00f4le de cultures contemporaines POP-UP Cin\u00e9ma #6 &#8211; FRIGO 16 (19H00) 89 route de Turin, 06000 Nice Vendredi 22 novembre 2024 Villa Arson &#8211; Grand Amphith\u00e9\u00e2tre ( 17h00 &#8211; Soir\u00e9e de cl\u00f4ture 19H00) 20 Av. Stephen Liegeard, 06100 Nice<\/p>\n","protected":false},"author":1,"featured_media":0,"parent":0,"menu_order":0,"comment_status":"closed","ping_status":"closed","template":"","meta":{"footnotes":""},"class_list":["post-111","page","type-page","status-publish","hentry"],"_links":{"self":[{"href":"https:\/\/rec-forward.fr\/index.php\/wp-json\/wp\/v2\/pages\/111","targetHints":{"allow":["GET"]}}],"collection":[{"href":"https:\/\/rec-forward.fr\/index.php\/wp-json\/wp\/v2\/pages"}],"about":[{"href":"https:\/\/rec-forward.fr\/index.php\/wp-json\/wp\/v2\/types\/page"}],"author":[{"embeddable":true,"href":"https:\/\/rec-forward.fr\/index.php\/wp-json\/wp\/v2\/users\/1"}],"replies":[{"embeddable":true,"href":"https:\/\/rec-forward.fr\/index.php\/wp-json\/wp\/v2\/comments?post=111"}],"version-history":[{"count":93,"href":"https:\/\/rec-forward.fr\/index.php\/wp-json\/wp\/v2\/pages\/111\/revisions"}],"predecessor-version":[{"id":1183,"href":"https:\/\/rec-forward.fr\/index.php\/wp-json\/wp\/v2\/pages\/111\/revisions\/1183"}],"wp:attachment":[{"href":"https:\/\/rec-forward.fr\/index.php\/wp-json\/wp\/v2\/media?parent=111"}],"curies":[{"name":"wp","href":"https:\/\/api.w.org\/{rel}","templated":true}]}}