{"id":110,"date":"2022-08-27T15:09:51","date_gmt":"2022-08-27T13:09:51","guid":{"rendered":"http:\/\/rec-forward.fr\/?page_id=110"},"modified":"2024-11-19T14:07:10","modified_gmt":"2024-11-19T13:07:10","slug":"programme-du-colloque","status":"publish","type":"page","link":"https:\/\/rec-forward.fr\/index.php\/programme-du-colloque\/","title":{"rendered":"Colloque"},"content":{"rendered":"\n<figure class=\"wp-block-image size-full is-resized\"><img loading=\"lazy\" decoding=\"async\" width=\"768\" height=\"210\" src=\"http:\/\/rec-forward.fr\/wp-content\/uploads\/2022\/08\/Capture-decran-2022-08-27-a-16.01.54.png\" alt=\"\" class=\"wp-image-225\" style=\"width:300px;height:130px\" srcset=\"https:\/\/rec-forward.fr\/wp-content\/uploads\/2022\/08\/Capture-decran-2022-08-27-a-16.01.54.png 768w, https:\/\/rec-forward.fr\/wp-content\/uploads\/2022\/08\/Capture-decran-2022-08-27-a-16.01.54-300x82.png 300w\" sizes=\"auto, (max-width: 768px) 100vw, 768px\" \/><\/figure>\n\n\n\n<p>Retrouvez<em> <\/em>les r\u00e9sum\u00e9s et la localisation des interventions dans le <a href=\"http:\/\/rec-forward.fr\/index.php\/ressources\/\">Programme du colloque 2024<\/a>.<\/p>\n\n\n\n<figure class=\"wp-block-image size-full is-resized\"><img loading=\"lazy\" decoding=\"async\" width=\"768\" height=\"210\" src=\"http:\/\/rec-forward.fr\/wp-content\/uploads\/2022\/08\/Capture-decran-2022-08-27-a-16.01.54.png\" alt=\"\" class=\"wp-image-225\" style=\"width:300px;height:130px\" srcset=\"https:\/\/rec-forward.fr\/wp-content\/uploads\/2022\/08\/Capture-decran-2022-08-27-a-16.01.54.png 768w, https:\/\/rec-forward.fr\/wp-content\/uploads\/2022\/08\/Capture-decran-2022-08-27-a-16.01.54-300x82.png 300w\" sizes=\"auto, (max-width: 768px) 100vw, 768px\" \/><\/figure>\n\n\n\n<p class=\"has-vivid-red-color has-text-color has-large-font-size\"><strong>Jeudi 21 novembre 2024<\/strong><\/p>\n\n\n\n<p class=\"has-vivid-red-color has-text-color has-large-font-size\"><strong>Colloque&nbsp;<\/strong><\/p>\n\n\n\n<p class=\"has-vivid-red-color has-text-color has-large-font-size\"><strong>\u00ab\u00a0Les r\u00e9seaux sociaux : <\/strong><\/p>\n\n\n\n<p class=\"has-vivid-red-color has-text-color has-link-color has-large-font-size wp-elements-7758ff2b43bf5fd86f3397700bd97ba2\"><strong>un r\u00e9servoir d&rsquo;images pour le r\u00e9emploi ?\u00a0\u00bb <\/strong><\/p>\n\n\n\n<p class=\"has-large-font-size\"><strong>#&nbsp;Jour&nbsp;1<\/strong><\/p>\n\n\n\n<p class=\"has-vivid-red-color has-text-color has-large-font-size\"><strong>Villa Arson &#8211; Grand Amphith\u00eaatre<\/strong><\/p>\n\n\n\n<p class=\"has-vivid-red-color has-text-color\">20 avenue St\u00e9phane Li\u00e9geard 06105 NICE Cedex 2<\/p>\n\n\n\n<figure class=\"wp-block-image size-full is-resized\"><img loading=\"lazy\" decoding=\"async\" width=\"768\" height=\"210\" src=\"http:\/\/rec-forward.fr\/wp-content\/uploads\/2022\/08\/Capture-decran-2022-08-27-a-16.01.54.png\" alt=\"\" class=\"wp-image-225\" style=\"object-fit:cover;width:300px;height:100px\" srcset=\"https:\/\/rec-forward.fr\/wp-content\/uploads\/2022\/08\/Capture-decran-2022-08-27-a-16.01.54.png 768w, https:\/\/rec-forward.fr\/wp-content\/uploads\/2022\/08\/Capture-decran-2022-08-27-a-16.01.54-300x82.png 300w\" sizes=\"auto, (max-width: 768px) 100vw, 768px\" \/><\/figure>\n\n\n\n<figure class=\"wp-block-image size-large\"><img loading=\"lazy\" decoding=\"async\" width=\"725\" height=\"1024\" src=\"http:\/\/rec-forward.fr\/wp-content\/uploads\/2024\/11\/Capture-decran-2024-11-05-a-08.19.09-725x1024.png\" alt=\"\" class=\"wp-image-1165\" srcset=\"https:\/\/rec-forward.fr\/wp-content\/uploads\/2024\/11\/Capture-decran-2024-11-05-a-08.19.09-725x1024.png 725w, https:\/\/rec-forward.fr\/wp-content\/uploads\/2024\/11\/Capture-decran-2024-11-05-a-08.19.09-212x300.png 212w, https:\/\/rec-forward.fr\/wp-content\/uploads\/2024\/11\/Capture-decran-2024-11-05-a-08.19.09-768x1085.png 768w, https:\/\/rec-forward.fr\/wp-content\/uploads\/2024\/11\/Capture-decran-2024-11-05-a-08.19.09-1088x1536.png 1088w, https:\/\/rec-forward.fr\/wp-content\/uploads\/2024\/11\/Capture-decran-2024-11-05-a-08.19.09-1450x2048.png 1450w, https:\/\/rec-forward.fr\/wp-content\/uploads\/2024\/11\/Capture-decran-2024-11-05-a-08.19.09-1140x1610.png 1140w, https:\/\/rec-forward.fr\/wp-content\/uploads\/2024\/11\/Capture-decran-2024-11-05-a-08.19.09.png 1460w\" sizes=\"auto, (max-width: 725px) 100vw, 725px\" \/><\/figure>\n\n\n\n<figure class=\"wp-block-image size-large\"><img loading=\"lazy\" decoding=\"async\" width=\"727\" height=\"1024\" src=\"http:\/\/rec-forward.fr\/wp-content\/uploads\/2024\/11\/Capture-decran-2024-11-19-a-14.00.13-727x1024.png\" alt=\"\" class=\"wp-image-1177\" srcset=\"https:\/\/rec-forward.fr\/wp-content\/uploads\/2024\/11\/Capture-decran-2024-11-19-a-14.00.13-727x1024.png 727w, https:\/\/rec-forward.fr\/wp-content\/uploads\/2024\/11\/Capture-decran-2024-11-19-a-14.00.13-213x300.png 213w, https:\/\/rec-forward.fr\/wp-content\/uploads\/2024\/11\/Capture-decran-2024-11-19-a-14.00.13.png 730w\" sizes=\"auto, (max-width: 727px) 100vw, 727px\" \/><\/figure>\n\n\n\n<figure class=\"wp-block-image size-full is-resized\"><img loading=\"lazy\" decoding=\"async\" width=\"768\" height=\"210\" src=\"http:\/\/rec-forward.fr\/wp-content\/uploads\/2022\/08\/Capture-decran-2022-08-27-a-16.01.54.png\" alt=\"\" class=\"wp-image-225\" style=\"object-fit:cover;width:300px;height:130px\" srcset=\"https:\/\/rec-forward.fr\/wp-content\/uploads\/2022\/08\/Capture-decran-2022-08-27-a-16.01.54.png 768w, https:\/\/rec-forward.fr\/wp-content\/uploads\/2022\/08\/Capture-decran-2022-08-27-a-16.01.54-300x82.png 300w\" sizes=\"auto, (max-width: 768px) 100vw, 768px\" \/><\/figure>\n\n\n\n<figure class=\"wp-block-image size-large\"><img loading=\"lazy\" decoding=\"async\" width=\"724\" height=\"1024\" src=\"http:\/\/rec-forward.fr\/wp-content\/uploads\/2024\/10\/Capture-decran-2024-10-22-a-15.45.10-724x1024.png\" alt=\"\" class=\"wp-image-1060\" srcset=\"https:\/\/rec-forward.fr\/wp-content\/uploads\/2024\/10\/Capture-decran-2024-10-22-a-15.45.10-724x1024.png 724w, https:\/\/rec-forward.fr\/wp-content\/uploads\/2024\/10\/Capture-decran-2024-10-22-a-15.45.10-212x300.png 212w, https:\/\/rec-forward.fr\/wp-content\/uploads\/2024\/10\/Capture-decran-2024-10-22-a-15.45.10-768x1086.png 768w, https:\/\/rec-forward.fr\/wp-content\/uploads\/2024\/10\/Capture-decran-2024-10-22-a-15.45.10.png 970w\" sizes=\"auto, (max-width: 724px) 100vw, 724px\" \/><\/figure>\n\n\n\n<figure class=\"wp-block-image size-full is-resized\"><img loading=\"lazy\" decoding=\"async\" width=\"768\" height=\"210\" src=\"http:\/\/rec-forward.fr\/wp-content\/uploads\/2022\/08\/Capture-decran-2022-08-27-a-16.01.54.png\" alt=\"\" class=\"wp-image-225\" style=\"object-fit:cover;width:300px;height:130px\" srcset=\"https:\/\/rec-forward.fr\/wp-content\/uploads\/2022\/08\/Capture-decran-2022-08-27-a-16.01.54.png 768w, https:\/\/rec-forward.fr\/wp-content\/uploads\/2022\/08\/Capture-decran-2022-08-27-a-16.01.54-300x82.png 300w\" sizes=\"auto, (max-width: 768px) 100vw, 768px\" \/><\/figure>\n\n\n\n<p class=\"has-vivid-red-color has-text-color has-large-font-size\"><strong>Vendredi 22 novembre 2024<\/strong><\/p>\n\n\n\n<p class=\"has-vivid-red-color has-text-color has-large-font-size\"><strong>Colloque&nbsp;<\/strong><\/p>\n\n\n\n<p class=\"has-vivid-red-color has-text-color has-large-font-size\"><strong>\u00ab\u00a0Les r\u00e9seaux sociaux : <\/strong><\/p>\n\n\n\n<p class=\"has-vivid-red-color has-text-color has-link-color has-large-font-size wp-elements-14785a5649cff46bee7246a58c783309\"><strong>un r\u00e9servoir d&rsquo;images pour le r\u00e9emploi\u00a0\u00bb <\/strong><\/p>\n\n\n\n<p class=\"has-large-font-size\"><strong>#&nbsp;Jour&nbsp;2<\/strong><\/p>\n\n\n\n<p class=\"has-vivid-red-color has-text-color has-large-font-size\"><strong>Villa Arson &#8211; Grand Amphith\u00eaatre<\/strong><\/p>\n\n\n\n<p class=\"has-vivid-red-color has-text-color\">20 avenue St\u00e9phane Li\u00e9geard 06105 NICE Cedex 2<\/p>\n\n\n\n<figure class=\"wp-block-image size-full is-resized\"><img loading=\"lazy\" decoding=\"async\" width=\"768\" height=\"210\" src=\"http:\/\/rec-forward.fr\/wp-content\/uploads\/2022\/08\/Capture-decran-2022-08-27-a-16.01.54.png\" alt=\"\" class=\"wp-image-225\" style=\"object-fit:cover;width:300px;height:100px\" srcset=\"https:\/\/rec-forward.fr\/wp-content\/uploads\/2022\/08\/Capture-decran-2022-08-27-a-16.01.54.png 768w, https:\/\/rec-forward.fr\/wp-content\/uploads\/2022\/08\/Capture-decran-2022-08-27-a-16.01.54-300x82.png 300w\" sizes=\"auto, (max-width: 768px) 100vw, 768px\" \/><\/figure>\n\n\n\n<figure class=\"wp-block-image size-large\"><img loading=\"lazy\" decoding=\"async\" width=\"724\" height=\"1024\" src=\"http:\/\/rec-forward.fr\/wp-content\/uploads\/2024\/10\/Capture-decran-2024-10-22-a-15.58.47-724x1024.png\" alt=\"\" class=\"wp-image-1072\" srcset=\"https:\/\/rec-forward.fr\/wp-content\/uploads\/2024\/10\/Capture-decran-2024-10-22-a-15.58.47-724x1024.png 724w, https:\/\/rec-forward.fr\/wp-content\/uploads\/2024\/10\/Capture-decran-2024-10-22-a-15.58.47-212x300.png 212w, https:\/\/rec-forward.fr\/wp-content\/uploads\/2024\/10\/Capture-decran-2024-10-22-a-15.58.47-768x1086.png 768w, https:\/\/rec-forward.fr\/wp-content\/uploads\/2024\/10\/Capture-decran-2024-10-22-a-15.58.47.png 970w\" sizes=\"auto, (max-width: 724px) 100vw, 724px\" \/><\/figure>\n\n\n\n<figure class=\"wp-block-image size-large\"><img loading=\"lazy\" decoding=\"async\" width=\"724\" height=\"1024\" src=\"http:\/\/rec-forward.fr\/wp-content\/uploads\/2024\/10\/Capture-decran-2024-10-22-a-15.58.57-724x1024.png\" alt=\"\" class=\"wp-image-1073\" srcset=\"https:\/\/rec-forward.fr\/wp-content\/uploads\/2024\/10\/Capture-decran-2024-10-22-a-15.58.57-724x1024.png 724w, https:\/\/rec-forward.fr\/wp-content\/uploads\/2024\/10\/Capture-decran-2024-10-22-a-15.58.57-212x300.png 212w, https:\/\/rec-forward.fr\/wp-content\/uploads\/2024\/10\/Capture-decran-2024-10-22-a-15.58.57-768x1086.png 768w, https:\/\/rec-forward.fr\/wp-content\/uploads\/2024\/10\/Capture-decran-2024-10-22-a-15.58.57.png 970w\" sizes=\"auto, (max-width: 724px) 100vw, 724px\" \/><\/figure>\n\n\n\n<figure class=\"wp-block-image size-large\"><img loading=\"lazy\" decoding=\"async\" width=\"723\" height=\"1024\" src=\"http:\/\/rec-forward.fr\/wp-content\/uploads\/2024\/10\/Capture-decran-2024-10-24-a-14.43.14-723x1024.png\" alt=\"\" class=\"wp-image-1148\" srcset=\"https:\/\/rec-forward.fr\/wp-content\/uploads\/2024\/10\/Capture-decran-2024-10-24-a-14.43.14-723x1024.png 723w, https:\/\/rec-forward.fr\/wp-content\/uploads\/2024\/10\/Capture-decran-2024-10-24-a-14.43.14-212x300.png 212w, https:\/\/rec-forward.fr\/wp-content\/uploads\/2024\/10\/Capture-decran-2024-10-24-a-14.43.14-768x1088.png 768w, https:\/\/rec-forward.fr\/wp-content\/uploads\/2024\/10\/Capture-decran-2024-10-24-a-14.43.14-1084x1536.png 1084w, https:\/\/rec-forward.fr\/wp-content\/uploads\/2024\/10\/Capture-decran-2024-10-24-a-14.43.14-1140x1615.png 1140w, https:\/\/rec-forward.fr\/wp-content\/uploads\/2024\/10\/Capture-decran-2024-10-24-a-14.43.14.png 1392w\" sizes=\"auto, (max-width: 723px) 100vw, 723px\" \/><\/figure>\n\n\n\n<figure class=\"wp-block-image size-large\"><img loading=\"lazy\" decoding=\"async\" width=\"724\" height=\"1024\" src=\"http:\/\/rec-forward.fr\/wp-content\/uploads\/2024\/10\/Capture-decran-2024-10-22-a-15.59.11-724x1024.png\" alt=\"\" class=\"wp-image-1075\" srcset=\"https:\/\/rec-forward.fr\/wp-content\/uploads\/2024\/10\/Capture-decran-2024-10-22-a-15.59.11-724x1024.png 724w, https:\/\/rec-forward.fr\/wp-content\/uploads\/2024\/10\/Capture-decran-2024-10-22-a-15.59.11-212x300.png 212w, https:\/\/rec-forward.fr\/wp-content\/uploads\/2024\/10\/Capture-decran-2024-10-22-a-15.59.11-768x1086.png 768w, https:\/\/rec-forward.fr\/wp-content\/uploads\/2024\/10\/Capture-decran-2024-10-22-a-15.59.11.png 970w\" sizes=\"auto, (max-width: 724px) 100vw, 724px\" \/><\/figure>\n\n\n\n<figure class=\"wp-block-image size-large\"><img loading=\"lazy\" decoding=\"async\" width=\"723\" height=\"1024\" src=\"http:\/\/rec-forward.fr\/wp-content\/uploads\/2024\/10\/Capture-decran-2024-10-24-a-14.44.31-723x1024.png\" alt=\"\" class=\"wp-image-1150\" srcset=\"https:\/\/rec-forward.fr\/wp-content\/uploads\/2024\/10\/Capture-decran-2024-10-24-a-14.44.31-723x1024.png 723w, https:\/\/rec-forward.fr\/wp-content\/uploads\/2024\/10\/Capture-decran-2024-10-24-a-14.44.31-212x300.png 212w, https:\/\/rec-forward.fr\/wp-content\/uploads\/2024\/10\/Capture-decran-2024-10-24-a-14.44.31-768x1088.png 768w, https:\/\/rec-forward.fr\/wp-content\/uploads\/2024\/10\/Capture-decran-2024-10-24-a-14.44.31-1084x1536.png 1084w, https:\/\/rec-forward.fr\/wp-content\/uploads\/2024\/10\/Capture-decran-2024-10-24-a-14.44.31-1140x1615.png 1140w, https:\/\/rec-forward.fr\/wp-content\/uploads\/2024\/10\/Capture-decran-2024-10-24-a-14.44.31.png 1392w\" sizes=\"auto, (max-width: 723px) 100vw, 723px\" \/><\/figure>\n\n\n\n<figure class=\"wp-block-image size-full is-resized\"><img loading=\"lazy\" decoding=\"async\" width=\"768\" height=\"210\" src=\"http:\/\/rec-forward.fr\/wp-content\/uploads\/2022\/08\/Capture-decran-2022-08-27-a-16.01.54.png\" alt=\"\" class=\"wp-image-225\" style=\"object-fit:cover;width:300px;height:100px\" srcset=\"https:\/\/rec-forward.fr\/wp-content\/uploads\/2022\/08\/Capture-decran-2022-08-27-a-16.01.54.png 768w, https:\/\/rec-forward.fr\/wp-content\/uploads\/2022\/08\/Capture-decran-2022-08-27-a-16.01.54-300x82.png 300w\" sizes=\"auto, (max-width: 768px) 100vw, 768px\" \/><\/figure>\n\n\n\n<figure class=\"wp-block-image size-large\"><img loading=\"lazy\" decoding=\"async\" width=\"727\" height=\"1024\" src=\"http:\/\/rec-forward.fr\/wp-content\/uploads\/2024\/11\/Capture-decran-2024-11-19-a-14.01.06-727x1024.png\" alt=\"\" class=\"wp-image-1175\" srcset=\"https:\/\/rec-forward.fr\/wp-content\/uploads\/2024\/11\/Capture-decran-2024-11-19-a-14.01.06-727x1024.png 727w, https:\/\/rec-forward.fr\/wp-content\/uploads\/2024\/11\/Capture-decran-2024-11-19-a-14.01.06-213x300.png 213w, https:\/\/rec-forward.fr\/wp-content\/uploads\/2024\/11\/Capture-decran-2024-11-19-a-14.01.06.png 730w\" sizes=\"auto, (max-width: 727px) 100vw, 727px\" \/><\/figure>\n","protected":false},"excerpt":{"rendered":"<p>Retrouvez les r\u00e9sum\u00e9s et la localisation des interventions dans le Programme du colloque 2024. Jeudi 21 novembre 2024 Colloque&nbsp; \u00ab\u00a0Les r\u00e9seaux sociaux : un r\u00e9servoir d&rsquo;images pour le r\u00e9emploi ?\u00a0\u00bb #&nbsp;Jour&nbsp;1 Villa Arson &#8211; Grand Amphith\u00eaatre 20 avenue St\u00e9phane Li\u00e9geard 06105 NICE Cedex 2 Vendredi 22 novembre 2024 Colloque&nbsp; \u00ab\u00a0Les r\u00e9seaux sociaux : un r\u00e9servoir d&rsquo;images pour le r\u00e9emploi\u00a0\u00bb #&nbsp;Jour&nbsp;2 Villa Arson &#8211; Grand Amphith\u00eaatre 20 avenue St\u00e9phane Li\u00e9geard 06105 NICE Cedex 2<\/p>\n","protected":false},"author":1,"featured_media":0,"parent":0,"menu_order":0,"comment_status":"closed","ping_status":"closed","template":"","meta":{"footnotes":""},"class_list":["post-110","page","type-page","status-publish","hentry"],"_links":{"self":[{"href":"https:\/\/rec-forward.fr\/index.php\/wp-json\/wp\/v2\/pages\/110","targetHints":{"allow":["GET"]}}],"collection":[{"href":"https:\/\/rec-forward.fr\/index.php\/wp-json\/wp\/v2\/pages"}],"about":[{"href":"https:\/\/rec-forward.fr\/index.php\/wp-json\/wp\/v2\/types\/page"}],"author":[{"embeddable":true,"href":"https:\/\/rec-forward.fr\/index.php\/wp-json\/wp\/v2\/users\/1"}],"replies":[{"embeddable":true,"href":"https:\/\/rec-forward.fr\/index.php\/wp-json\/wp\/v2\/comments?post=110"}],"version-history":[{"count":56,"href":"https:\/\/rec-forward.fr\/index.php\/wp-json\/wp\/v2\/pages\/110\/revisions"}],"predecessor-version":[{"id":1182,"href":"https:\/\/rec-forward.fr\/index.php\/wp-json\/wp\/v2\/pages\/110\/revisions\/1182"}],"wp:attachment":[{"href":"https:\/\/rec-forward.fr\/index.php\/wp-json\/wp\/v2\/media?parent=110"}],"curies":[{"name":"wp","href":"https:\/\/api.w.org\/{rel}","templated":true}]}}